{"id":4250,"date":"2026-04-28T17:12:38","date_gmt":"2026-04-28T15:12:38","guid":{"rendered":"https:\/\/www.insightsofa.com\/cx-value-calculator\/"},"modified":"2026-04-28T19:26:54","modified_gmt":"2026-04-28T17:26:54","slug":"cx-kalkulacka","status":"publish","type":"page","link":"https:\/\/www.insightsofa.com\/cs\/cx-kalkulacka\/","title":{"rendered":"CX Kalkula\u010dka"},"content":{"rendered":"<div class=\"fusion-fullwidth fullwidth-box fusion-builder-row-1 fusion-flex-container nonhundred-percent-fullwidth non-hundred-percent-height-scrolling\" style=\"--link_hover_color: var(--awb-color5);--link_color: var(--awb-color5);--awb-background-blend-mode:multiply;--awb-border-color:var(--awb-color1);--awb-border-radius-top-left:0px;--awb-border-radius-top-right:0px;--awb-border-radius-bottom-right:0px;--awb-border-radius-bottom-left:0px;--awb-padding-right-medium:100px;--awb-padding-left-medium:100px;--awb-padding-top-small:40px;--awb-padding-right-small:40px;--awb-padding-bottom-small:40px;--awb-padding-left-small:40px;--awb-margin-bottom-medium:0px;--awb-background-color:rgba(0,0,0,0);--awb-background-image:linear-gradient(180deg, #181818 0%,#000000 70%);--awb-flex-wrap:wrap;\" ><div class=\"fusion-builder-row fusion-row fusion-flex-align-items-stretch fusion-flex-content-wrap\" style=\"max-width:1456px;margin-left: calc(-4% \/ 2 );margin-right: calc(-4% \/ 2 );\"><div class=\"fusion-layout-column fusion_builder_column fusion-builder-column-0 fusion_builder_column_2_3 2_3 fusion-flex-column\" style=\"--awb-padding-bottom-medium:0px;--awb-bg-size:cover;--awb-width-large:66.666666666667%;--awb-margin-top-large:0px;--awb-spacing-right-large:2.88%;--awb-margin-bottom-large:20px;--awb-spacing-left-large:2.88%;--awb-width-medium:100%;--awb-order-medium:0;--awb-spacing-right-medium:1.92%;--awb-spacing-left-medium:1.92%;--awb-width-small:100%;--awb-order-small:0;--awb-spacing-right-small:1.92%;--awb-margin-bottom-small:25px;--awb-spacing-left-small:1.92%;\"><div class=\"fusion-column-wrapper fusion-column-has-shadow fusion-flex-justify-content-flex-start fusion-content-layout-column\"><div class=\"fusion-title title fusion-title-1 fusion-sep-none fusion-title-text fusion-title-size-two h2_responsive\" style=\"--awb-text-color:var(--awb-color1);\"><h2 class=\"fusion-title-heading title-heading-left\" style=\"margin:0;\">Kalkula\u010dka v\u00fdsledk\u016f CX<\/h2><\/div>        <div class=\"isvc-root\" data-prefilled-role=\"\" data-lang=\"cs\"><\/div>\n        <\/div><\/div><\/div><\/div>\n","protected":false},"excerpt":{"rendered":"","protected":false},"author":1,"featured_media":0,"parent":0,"menu_order":0,"comment_status":"closed","ping_status":"closed","template":"100-width.php","meta":{"content-type":"","footnotes":""},"class_list":["post-4250","page","type-page","status-publish","hentry"],"_links":{"self":[{"href":"https:\/\/www.insightsofa.com\/cs\/wp-json\/wp\/v2\/pages\/4250","targetHints":{"allow":["GET"]}}],"collection":[{"href":"https:\/\/www.insightsofa.com\/cs\/wp-json\/wp\/v2\/pages"}],"about":[{"href":"https:\/\/www.insightsofa.com\/cs\/wp-json\/wp\/v2\/types\/page"}],"author":[{"embeddable":true,"href":"https:\/\/www.insightsofa.com\/cs\/wp-json\/wp\/v2\/users\/1"}],"replies":[{"embeddable":true,"href":"https:\/\/www.insightsofa.com\/cs\/wp-json\/wp\/v2\/comments?post=4250"}],"version-history":[{"count":3,"href":"https:\/\/www.insightsofa.com\/cs\/wp-json\/wp\/v2\/pages\/4250\/revisions"}],"predecessor-version":[{"id":4253,"href":"https:\/\/www.insightsofa.com\/cs\/wp-json\/wp\/v2\/pages\/4250\/revisions\/4253"}],"wp:attachment":[{"href":"https:\/\/www.insightsofa.com\/cs\/wp-json\/wp\/v2\/media?parent=4250"}],"curies":[{"name":"wp","href":"https:\/\/api.w.org\/{rel}","templated":true}]}}